{"id":64,"date":"2023-02-11T01:53:00","date_gmt":"2023-02-11T07:53:00","guid":{"rendered":"https:\/\/radiostereoperla.com\/radio\/?page_id=64"},"modified":"2025-03-16T08:46:26","modified_gmt":"2025-03-16T14:46:26","slug":"anunciese","status":"publish","type":"page","link":"https:\/\/radiostereoperla.com\/radio\/anunciese\/","title":{"rendered":"Anunciese"},"content":{"rendered":"\n<div class=\"wp-block-cover is-light\"><span aria-hidden=\"true\" class=\"wp-block-cover__background has-pale-cyan-blue-background-color has-background-dim-70 has-background-dim\"><\/span><div class=\"wp-block-cover__inner-container is-layout-constrained wp-block-cover-is-layout-constrained\">\n<div class=\"wp-block-columns is-layout-flex wp-container-core-columns-is-layout-9d6595d7 wp-block-columns-is-layout-flex\">\n<div class=\"wp-block-column is-layout-flow wp-block-column-is-layout-flow\">\n<h3 class=\"wp-block-heading has-text-align-center\">Sea parte de nuestro selecto grupo de anunciantes<\/h3>\n\n\n\n<figure class=\"wp-block-audio aligncenter\"><audio controls src=\"https:\/\/radiostereoperla.com\/radio\/wp-content\/uploads\/PROMO-VENTAS-RADIO-PERLA.mp3\"><\/audio><\/figure>\n\n\n\n<p class=\"has-text-align-center\">En <strong><em>Radio Stereo Perla<\/em><\/strong> estamos para apoyar a los negocios en sus actividades de posicionamiento en el mercado, fidelizaci\u00f3n de clientes y promoci\u00f3n de sus productos y servicios<br><br>Cont\u00e1ctenos hoy mismo y comience a disfrutar de los notables beneficios<\/p>\n<\/div>\n\n\n\n<div class=\"wp-block-column is-layout-flow wp-block-column-is-layout-flow\">\n\n<div class=\"wp-block-image\">\n<figure class=\"aligncenter size-large\"><a href=\"https:\/\/api.whatsapp.com\/send?phone=50378781635\"><img loading=\"lazy\" decoding=\"async\" width=\"1024\" height=\"264\" src=\"https:\/\/radiostereoperla.com\/radio\/wp-content\/uploads\/contactenos-whatsapp-1024x264.png\" alt=\"\" class=\"wp-image-403\" srcset=\"https:\/\/radiostereoperla.com\/radio\/wp-content\/uploads\/contactenos-whatsapp-1024x264.png 1024w, https:\/\/radiostereoperla.com\/radio\/wp-content\/uploads\/contactenos-whatsapp-300x77.png 300w, https:\/\/radiostereoperla.com\/radio\/wp-content\/uploads\/contactenos-whatsapp-768x198.png 768w, https:\/\/radiostereoperla.com\/radio\/wp-content\/uploads\/contactenos-whatsapp.png 1165w\" sizes=\"auto, (max-width: 1024px) 100vw, 1024px\" \/><\/a><\/figure>\n<\/div>\n\n\n<p><strong><em>Le ofrecemos:<\/em><\/strong><br>\u2022 Promoci\u00f3n mediante cu\u00f1as promocionales<br>\u2022 Promoci\u00f3n por medio de menciones durante los turnos y programas<br>\u2022 Promoci\u00f3n en nuestra pagina web<br>\u2022 Entrevistas en vivo en cabina<\/p>\n<\/div>\n<\/div>\n<\/div><\/div>\n","protected":false},"excerpt":{"rendered":"<div class=\"mh-excerpt\"><p>En Radio Stereo Perla estamos para apoyar a los negocios en sus actividades de posicionamiento en el mercado, fidelizaci\u00f3n de clientes y promoci\u00f3n de sus productos y servicios<\/p>\n<p>Cont\u00e1ctenos hoy mismo y comience a disfrutar de los notables beneficios<\/p>\n<\/div>","protected":false},"author":2,"featured_media":0,"parent":0,"menu_order":4,"comment_status":"open","ping_status":"closed","template":"template-full.php","meta":{"footnotes":""},"class_list":["post-64","page","type-page","status-publish","hentry"],"_links":{"self":[{"href":"https:\/\/radiostereoperla.com\/radio\/wp-json\/wp\/v2\/pages\/64","targetHints":{"allow":["GET"]}}],"collection":[{"href":"https:\/\/radiostereoperla.com\/radio\/wp-json\/wp\/v2\/pages"}],"about":[{"href":"https:\/\/radiostereoperla.com\/radio\/wp-json\/wp\/v2\/types\/page"}],"author":[{"embeddable":true,"href":"https:\/\/radiostereoperla.com\/radio\/wp-json\/wp\/v2\/users\/2"}],"replies":[{"embeddable":true,"href":"https:\/\/radiostereoperla.com\/radio\/wp-json\/wp\/v2\/comments?post=64"}],"version-history":[{"count":10,"href":"https:\/\/radiostereoperla.com\/radio\/wp-json\/wp\/v2\/pages\/64\/revisions"}],"predecessor-version":[{"id":694,"href":"https:\/\/radiostereoperla.com\/radio\/wp-json\/wp\/v2\/pages\/64\/revisions\/694"}],"wp:attachment":[{"href":"https:\/\/radiostereoperla.com\/radio\/wp-json\/wp\/v2\/media?parent=64"}],"curies":[{"name":"wp","href":"https:\/\/api.w.org\/{rel}","templated":true}]}}