{"id":16,"date":"2023-02-10T16:05:27","date_gmt":"2023-02-10T22:05:27","guid":{"rendered":"https:\/\/radiostereoperla.com\/radio\/?page_id=16"},"modified":"2026-03-14T22:49:55","modified_gmt":"2026-03-15T04:49:55","slug":"en-vivo","status":"publish","type":"page","link":"https:\/\/radiostereoperla.com\/radio\/","title":{"rendered":"En Vivo"},"content":{"rendered":"\n<div style=\"height:35px\" aria-hidden=\"true\" class=\"wp-block-spacer\"><\/div>\n\n\n\n<div class=\"wp-block-cover\" style=\"min-height:1106px;aspect-ratio:unset;\"><span aria-hidden=\"true\" class=\"wp-block-cover__background has-background-dim-80 has-background-dim\" style=\"background-color:#2e3f85\"><\/span><div class=\"wp-block-cover__inner-container is-layout-flow wp-block-cover-is-layout-flow\"><div class=\"wp-block-image\">\n<figure class=\"aligncenter size-full\"><img loading=\"lazy\" decoding=\"async\" width=\"1280\" height=\"150\" src=\"https:\/\/radiostereoperla.com\/radio\/wp-content\/uploads\/Gif-en-vivo.gif\" alt=\"\" class=\"wp-image-120\"\/><\/figure>\n<\/div>\n\n\n<div style=\"height:25px\" aria-hidden=\"true\" class=\"wp-block-spacer\"><\/div>\n\n\n\n<div class=\"wp-block-columns is-layout-flex wp-container-core-columns-is-layout-9d6595d7 wp-block-columns-is-layout-flex\">\n<div class=\"wp-block-column is-layout-flow wp-block-column-is-layout-flow\">\n<center>\n<p><span style=\"font-size:14; color:darkred\">\n<i class=\"fas fa-headphones\"><\/i><\/span> \u25ba <span style=\"font-size:14; color:yellow\">\n<span class='page-views'>121,999<\/span><\/span> oyentes hasta ahora&#8230; \u00a1y sumando!<\/p>\n<\/center>\n\n\n\n\n<\/div>\n\n\n\n<div class=\"wp-block-column is-layout-flow wp-block-column-is-layout-flow\">\n\n<\/div>\n<\/div>\n\n\n\n<div style=\"height:25px\" aria-hidden=\"true\" class=\"wp-block-spacer\"><\/div>\n\n\n\n\n\n<div class=\"wp-block-cover is-light\" style=\"min-height:240px;aspect-ratio:unset;\"><span aria-hidden=\"true\" class=\"wp-block-cover__background has-white-background-color has-background-dim\"><\/span><div class=\"wp-block-cover__inner-container is-layout-flow wp-block-cover-is-layout-flow\">\n\n\n<center>\n<iframe src=\"https:\/\/tunein.com\/embed\/player\/s335467\/?background=dark\" style=\"width:100%; height:100px;\" scrolling=\"no\" frameborder=\"no\"><\/iframe>\n<\/center>\n\n\n\n\n\n\n\n\n\n<div style=\"height:25px\" aria-hidden=\"true\" class=\"wp-block-spacer\"><\/div>\n\n\n\n<div class=\"wp-block-cover\" style=\"min-height:50px;aspect-ratio:unset;\"><span aria-hidden=\"true\" class=\"wp-block-cover__background has-background-dim-100 has-background-dim\" style=\"background-color:#2d3e84\"><\/span><div class=\"wp-block-cover__inner-container is-layout-constrained wp-block-cover-is-layout-constrained\">\n<div style=\"height:15px\" aria-hidden=\"true\" class=\"wp-block-spacer\"><\/div>\n\n\n\n\n\n<div style=\"height:15px\" aria-hidden=\"true\" class=\"wp-block-spacer\"><\/div>\n\n\n\n<center>\n<iframe loading=\"lazy\" src=\"https:\/\/www3.cbox.ws\/box\/?boxid=3529175&#038;boxtag=692q3O\" width=\"100%\" height=\"450\" allowtransparency=\"yes\" allow=\"autoplay\" frameborder=\"0\" marginheight=\"0\" marginwidth=\"0\" scrolling=\"auto\"><\/iframe>\n<\/center>\n\n\n\n<div style=\"height:15px\" aria-hidden=\"true\" class=\"wp-block-spacer\"><\/div>\n<\/div><\/div>\n<\/div><\/div>\n\n\n\n<div style=\"height:50px\" aria-hidden=\"true\" class=\"wp-block-spacer\"><\/div>\n\n\n\n<div class=\"alignnormal\"><div id=\"metaslider-id-782\" style=\"width: 100%; margin: 0 auto;\" class=\"ml-slider-3-105-0 metaslider metaslider-flex metaslider-782 ml-slider has-dots-onhover-navigation ms-theme-default-base\" role=\"region\" aria-label=\"Staff\" data-height=\"300\" data-width=\"700\">\n    <div id=\"metaslider_container_782\">\n        <div id=\"metaslider_782\">\n            <ul aria-live='off' class='slides'>\n                <li style=\"display: block; width: 100%;\" class=\"slide-783 ms-image \" aria-roledescription=\"slide\" data-date=\"2025-08-20 04:26:28\" data-filename=\"Turnos-de-Rocio-Jovel-RSP-8-12-1200x630px.jpg\" data-slide-type=\"image\"><img loading=\"lazy\" decoding=\"async\" width=\"1200\" height=\"630\" src=\"https:\/\/radiostereoperla.com\/radio\/wp-content\/uploads\/Turnos-de-Rocio-Jovel-RSP-8-12-1200x630px.jpg\" class=\"slider-782 slide-783 msDefaultImage\" alt=\"\" rel=\"\" title=\"Turnos-de-Rocio-Jovel-RSP-8-12-1200x630px\" srcset=\"https:\/\/radiostereoperla.com\/radio\/wp-content\/uploads\/Turnos-de-Rocio-Jovel-RSP-8-12-1200x630px.jpg 1200w, https:\/\/radiostereoperla.com\/radio\/wp-content\/uploads\/Turnos-de-Rocio-Jovel-RSP-8-12-1200x630px-300x158.jpg 300w, https:\/\/radiostereoperla.com\/radio\/wp-content\/uploads\/Turnos-de-Rocio-Jovel-RSP-8-12-1200x630px-1024x538.jpg 1024w, https:\/\/radiostereoperla.com\/radio\/wp-content\/uploads\/Turnos-de-Rocio-Jovel-RSP-8-12-1200x630px-768x403.jpg 768w\" sizes=\"auto, (max-width: 1200px) 100vw, 1200px\" \/><\/li>\n                <li style=\"display: none; width: 100%;\" class=\"slide-786 ms-image \" aria-roledescription=\"slide\" data-date=\"2025-08-20 04:27:35\" data-filename=\"Turnos-de-Tania_Perez-RSP-1200x630px-2.jpg\" data-slide-type=\"image\"><img loading=\"lazy\" decoding=\"async\" width=\"1200\" height=\"630\" src=\"https:\/\/radiostereoperla.com\/radio\/wp-content\/uploads\/Turnos-de-Tania_Perez-RSP-1200x630px-2.jpg\" class=\"slider-782 slide-786 msDefaultImage\" alt=\"\" rel=\"\" title=\"Turnos-de-Tania_Perez-RSP-1200x630px-2\" srcset=\"https:\/\/radiostereoperla.com\/radio\/wp-content\/uploads\/Turnos-de-Tania_Perez-RSP-1200x630px-2.jpg 1200w, https:\/\/radiostereoperla.com\/radio\/wp-content\/uploads\/Turnos-de-Tania_Perez-RSP-1200x630px-2-300x158.jpg 300w, https:\/\/radiostereoperla.com\/radio\/wp-content\/uploads\/Turnos-de-Tania_Perez-RSP-1200x630px-2-1024x538.jpg 1024w, https:\/\/radiostereoperla.com\/radio\/wp-content\/uploads\/Turnos-de-Tania_Perez-RSP-1200x630px-2-768x403.jpg 768w\" sizes=\"auto, (max-width: 1200px) 100vw, 1200px\" \/><\/li>\n                <li style=\"display: none; width: 100%;\" class=\"slide-788 ms-image \" aria-roledescription=\"slide\" data-date=\"2025-08-20 04:28:56\" data-filename=\"Turnos-de-krissia-RSP-1200x630px.jpg\" data-slide-type=\"image\"><img loading=\"lazy\" decoding=\"async\" width=\"1200\" height=\"630\" src=\"https:\/\/radiostereoperla.com\/radio\/wp-content\/uploads\/Turnos-de-krissia-RSP-1200x630px.jpg\" class=\"slider-782 slide-788 msDefaultImage\" alt=\"\" rel=\"\" title=\"Turnos-de-krissia-RSP-1200x630px\" srcset=\"https:\/\/radiostereoperla.com\/radio\/wp-content\/uploads\/Turnos-de-krissia-RSP-1200x630px.jpg 1200w, https:\/\/radiostereoperla.com\/radio\/wp-content\/uploads\/Turnos-de-krissia-RSP-1200x630px-300x158.jpg 300w, https:\/\/radiostereoperla.com\/radio\/wp-content\/uploads\/Turnos-de-krissia-RSP-1200x630px-1024x538.jpg 1024w, https:\/\/radiostereoperla.com\/radio\/wp-content\/uploads\/Turnos-de-krissia-RSP-1200x630px-768x403.jpg 768w\" sizes=\"auto, (max-width: 1200px) 100vw, 1200px\" \/><\/li>\n                <li style=\"display: none; width: 100%;\" class=\"slide-790 ms-image \" aria-roledescription=\"slide\" data-date=\"2025-08-20 04:29:09\" data-filename=\"Turnos-de-natalie-RSP-1200x630px.jpg\" data-slide-type=\"image\"><img loading=\"lazy\" decoding=\"async\" width=\"1200\" height=\"630\" src=\"https:\/\/radiostereoperla.com\/radio\/wp-content\/uploads\/Turnos-de-natalie-RSP-1200x630px.jpg\" class=\"slider-782 slide-790 msDefaultImage\" alt=\"\" rel=\"\" title=\"Turnos-de-natalie-RSP-1200x630px\" srcset=\"https:\/\/radiostereoperla.com\/radio\/wp-content\/uploads\/Turnos-de-natalie-RSP-1200x630px.jpg 1200w, https:\/\/radiostereoperla.com\/radio\/wp-content\/uploads\/Turnos-de-natalie-RSP-1200x630px-300x158.jpg 300w, https:\/\/radiostereoperla.com\/radio\/wp-content\/uploads\/Turnos-de-natalie-RSP-1200x630px-1024x538.jpg 1024w, https:\/\/radiostereoperla.com\/radio\/wp-content\/uploads\/Turnos-de-natalie-RSP-1200x630px-768x403.jpg 768w\" sizes=\"auto, (max-width: 1200px) 100vw, 1200px\" \/><\/li>\n                <li style=\"display: none; width: 100%;\" class=\"slide-801 ms-image \" aria-roledescription=\"slide\" data-date=\"2025-11-01 23:30:54\" data-filename=\"Turnos-de-kimy-valle-RSP-1200x630px-.jpg\" data-slide-type=\"image\"><img loading=\"lazy\" decoding=\"async\" width=\"1200\" height=\"630\" src=\"https:\/\/radiostereoperla.com\/radio\/wp-content\/uploads\/Turnos-de-kimy-valle-RSP-1200x630px-.jpg\" class=\"slider-782 slide-801 msDefaultImage\" alt=\"\" rel=\"\" title=\"Turnos-de-kimy-valle-RSP-1200x630px-\" srcset=\"https:\/\/radiostereoperla.com\/radio\/wp-content\/uploads\/Turnos-de-kimy-valle-RSP-1200x630px-.jpg 1200w, https:\/\/radiostereoperla.com\/radio\/wp-content\/uploads\/Turnos-de-kimy-valle-RSP-1200x630px--300x158.jpg 300w, https:\/\/radiostereoperla.com\/radio\/wp-content\/uploads\/Turnos-de-kimy-valle-RSP-1200x630px--1024x538.jpg 1024w, https:\/\/radiostereoperla.com\/radio\/wp-content\/uploads\/Turnos-de-kimy-valle-RSP-1200x630px--768x403.jpg 768w\" sizes=\"auto, (max-width: 1200px) 100vw, 1200px\" \/><\/li>\n            <\/ul>\n        <\/div>\n        \n    <\/div>\n<\/div><\/div>\n\n\n\n<div style=\"height:50px\" aria-hidden=\"true\" class=\"wp-block-spacer\"><\/div>\n\n\n\n<div class=\"wp-block-cover is-light\" style=\"min-height:111px;aspect-ratio:unset;\"><span aria-hidden=\"true\" class=\"wp-block-cover__background has-background-dim-100 has-background-dim\" style=\"background-color:#e4ed7f\"><\/span><div class=\"wp-block-cover__inner-container is-layout-constrained wp-block-cover-is-layout-constrained\"><div class=\"wp-block-image\">\n<figure class=\"aligncenter size-large\"><img loading=\"lazy\" decoding=\"async\" width=\"1024\" height=\"1024\" src=\"https:\/\/radiostereoperla.com\/radio\/wp-content\/uploads\/Logo-RSP-Jul-2025-1080x1080px-1024x1024.png\" alt=\"\" class=\"wp-image-774\" title=\"Tiny Logo\" srcset=\"https:\/\/radiostereoperla.com\/radio\/wp-content\/uploads\/Logo-RSP-Jul-2025-1080x1080px-1024x1024.png 1024w, https:\/\/radiostereoperla.com\/radio\/wp-content\/uploads\/Logo-RSP-Jul-2025-1080x1080px-300x300.png 300w, https:\/\/radiostereoperla.com\/radio\/wp-content\/uploads\/Logo-RSP-Jul-2025-1080x1080px-150x150.png 150w, https:\/\/radiostereoperla.com\/radio\/wp-content\/uploads\/Logo-RSP-Jul-2025-1080x1080px-768x768.png 768w, https:\/\/radiostereoperla.com\/radio\/wp-content\/uploads\/Logo-RSP-Jul-2025-1080x1080px-50x50.png 50w, https:\/\/radiostereoperla.com\/radio\/wp-content\/uploads\/Logo-RSP-Jul-2025-1080x1080px.png 1080w\" sizes=\"auto, (max-width: 1024px) 100vw, 1024px\" \/><\/figure>\n<\/div>\n\n\n<h2 class=\"wp-block-heading has-text-align-center has-vivid-cyan-blue-color has-text-color has-link-color wp-elements-8b4a6fdb637d77e77c09dff831854340\"><strong><em>Radio Stereo Perla: \u00a1La consentida de sus o\u00eddos!<\/em><\/strong><\/h2>\n\n\n\n<p class=\"has-text-align-center has-medium-font-size\"><em><strong>Sinton\u00edcenos a nivel mundial a trav\u00e9s de este sitio web.&nbsp;Actualmente con audiencia reportada en mas de 25 pa\u00edses y transmisi\u00f3n en vivo para 98 pa\u00edses de manera simultanea en nuestra web, en nuestra app para android y en directorios internacionales de radio. Esc\u00fachenos y sea parte de los cientos de personas que nos escuchan a diario<\/strong><\/em><\/p>\n\n\n\n<hr class=\"wp-block-separator aligncenter has-alpha-channel-opacity is-style-dots\"\/>\n\n\n\n<div class=\"wp-block-columns is-layout-flex wp-container-core-columns-is-layout-9d6595d7 wp-block-columns-is-layout-flex\">\n<div class=\"wp-block-column is-layout-flow wp-block-column-is-layout-flow\">\n<h3 class=\"wp-block-heading\"><em>\u2714 Programaci\u00f3n variada para toda la familia latinoamericana<\/em><\/h3>\n\n\n\n<div style=\"height:20px\" aria-hidden=\"true\" class=\"wp-block-spacer\"><\/div>\n\n\n\n<p>\u2605 Escuche a nuestros locutores que le acompa\u00f1an a toda hora complaciendo sus peticiones musicales, saludos al aire, datos curiosos, noticias y promociones<\/p>\n\n\n\n<p>\u2605 Turnos con programaci\u00f3n por bloques de ritmos, para que disfrute en todo lugar y a toda hora<\/p>\n\n\n\n<p>\u2605 Anuncie sus productos y servicios con el medio de publicidad mas confiable,&nbsp;efectivo y perdurable en el tiempo<\/p>\n<\/div>\n\n\n\n<div class=\"wp-block-column is-layout-flow wp-block-column-is-layout-flow\">\n<h3 class=\"wp-block-heading\"><em>\u2714 Sea parte de nuestra programaci\u00f3n diaria<\/em><\/h3>\n\n\n\n<div style=\"height:20px\" aria-hidden=\"true\" class=\"wp-block-spacer\"><\/div>\n\n\n\n<p><em><strong>M\u00e1ndenos sus saludos y notas de audio a cabina v\u00eda&nbsp;<\/strong><\/em><strong><em>WhatsApp<\/em><\/strong>&nbsp;y las ponemos a sonar al aire. Salude a sus cumplea\u00f1eros del d\u00eda, opine sobre nuestros temas y perm\u00edtanos entrevistarle para que nuestra audiencia conozca sus productos y servicios. Estamos para ayudarle a promocionar su negocio<\/p>\n\n\n<div class=\"wp-block-image\">\n<figure class=\"aligncenter size-full\"><a href=\"https:\/\/chat.whatsapp.com\/GfqNisqkwVIEI3GIHPDE2W\" target=\"_blank\" rel=\" noreferrer noopener\"><img loading=\"lazy\" decoding=\"async\" width=\"500\" height=\"100\" src=\"https:\/\/radiostereoperla.com\/radio\/wp-content\/uploads\/banner-whatsapp.png\" alt=\"\" class=\"wp-image-82\" srcset=\"https:\/\/radiostereoperla.com\/radio\/wp-content\/uploads\/banner-whatsapp.png 500w, https:\/\/radiostereoperla.com\/radio\/wp-content\/uploads\/banner-whatsapp-300x60.png 300w\" sizes=\"auto, (max-width: 500px) 100vw, 500px\" \/><\/a><\/figure>\n<\/div><\/div>\n<\/div>\n\n\n\n\n\n\n\n\n\n<div style=\"height:50px\" aria-hidden=\"true\" class=\"wp-block-spacer\"><\/div>\n\n\n\n<p><!-- FB Comments Box-->\n<\/p>\n<p><\/p>\n<p><\/p><center><p><\/p>\n<div id=\"fb-root\"><\/div>\n<p><script async=\"\" defer=\"\" crossorigin=\"anonymous\" src=\"https:\/\/connect.facebook.net\/es_LA\/sdk.js#xfbml=1&amp;version=v8.0&amp;appId=618494811945494&amp;autoLogAppEvents=1\" nonce=\"Jjl6Npiv\"><\/script><\/p>\n<div class=\"fb-comments\" data-href=\"https:\/\/radiostereoperla.com\" data-numposts=\"10\" data-width=\"100%\" data-colorscheme=\"dark\"><\/div>\n<p>&nbsp;<\/p>\n<p>&nbsp;<\/p>\n<p>&nbsp;<\/p>\n<p>&nbsp;<\/p>\n<p><\/p>\n<p><\/p><\/center><br>\n<!-- end FB Comments Box--><p><\/p>\n<\/div><\/div>\n\n\n\n<div style=\"height:25px\" aria-hidden=\"true\" class=\"wp-block-spacer\"><\/div>\n\n\n\n<div class=\"wp-block-cover is-light\" style=\"min-height:91px;aspect-ratio:unset;\"><span aria-hidden=\"true\" class=\"wp-block-cover__background has-gray-background-color has-background-dim\"><\/span><div class=\"wp-block-cover__inner-container is-layout-flow wp-block-cover-is-layout-flow\">\n<h3 class=\"wp-block-heading has-text-align-center has-white-color has-text-color\">Esc\u00fachenos tambi\u00e9n en otras plataformas:<\/h3>\n\n\n\n<div class=\"wp-block-columns is-not-stacked-on-mobile is-layout-flex wp-container-core-columns-is-layout-9d6595d7 wp-block-columns-is-layout-flex\">\n<div class=\"wp-block-column is-layout-flow wp-block-column-is-layout-flow\"><div class=\"wp-block-image\">\n<figure class=\"aligncenter size-full\"><a href=\"https:\/\/play.google.com\/store\/apps\/details\/Radio_Stereo_Perla?id=radiostereoperla.fm\" target=\"_blank\" rel=\"noreferrer noopener\"><img loading=\"lazy\" decoding=\"async\" width=\"150\" height=\"150\" src=\"http:\/\/radiostereoperla.com\/radio\/wp-content\/uploads\/Icono-Google-Play-150x150px.png\" alt=\"\" class=\"wp-image-827\"\/><\/a><\/figure>\n<\/div><\/div>\n\n\n\n<div class=\"wp-block-column is-layout-flow wp-block-column-is-layout-flow\"><div class=\"wp-block-image\">\n<figure class=\"aligncenter size-full\"><a href=\"https:\/\/onlineradiobox.com\/sv\/stereoperla\/\" target=\"_blank\" rel=\"noreferrer noopener\"><img loading=\"lazy\" decoding=\"async\" width=\"150\" height=\"150\" src=\"https:\/\/radiostereoperla.com\/radio\/wp-content\/uploads\/icon-online-radio-box-150x150px.png\" alt=\"\" class=\"wp-image-828\"\/><\/a><\/figure>\n<\/div><\/div>\n\n\n\n<div class=\"wp-block-column is-layout-flow wp-block-column-is-layout-flow\"><div class=\"wp-block-image\">\n<figure class=\"aligncenter size-full\"><a href=\"https:\/\/zeno.fm\/player\/radio-stereo-perla\" target=\"_blank\" rel=\"noopener\"><img loading=\"lazy\" decoding=\"async\" width=\"150\" height=\"150\" src=\"https:\/\/radiostereoperla.com\/radio\/wp-content\/uploads\/icon-zeno-media-150x150px.png\" alt=\"\" class=\"wp-image-829\"\/><\/a><\/figure>\n<\/div><\/div>\n\n\n\n<div class=\"wp-block-column is-layout-flow wp-block-column-is-layout-flow\"><div class=\"wp-block-image\">\n<figure class=\"aligncenter size-full\"><img loading=\"lazy\" decoding=\"async\" width=\"150\" height=\"150\" src=\"https:\/\/radiostereoperla.com\/radio\/wp-content\/uploads\/icon-live-online-radio-150x150px.png\" alt=\"\" class=\"wp-image-830\"\/><\/figure>\n<\/div><\/div>\n\n\n\n<div class=\"wp-block-column is-layout-flow wp-block-column-is-layout-flow\"><div class=\"wp-block-image\">\n<figure class=\"aligncenter size-full\"><a href=\"https:\/\/play.google.com\/store\/apps\/details?id=radiosonlinegas.sv\" target=\"_blank\" rel=\"noreferrer noopener\"><img loading=\"lazy\" decoding=\"async\" width=\"150\" height=\"150\" src=\"https:\/\/radiostereoperla.com\/radio\/wp-content\/uploads\/icon-GAS-medios-150x150px.png\" alt=\"\" class=\"wp-image-831\"\/><\/a><\/figure>\n<\/div><\/div>\n<\/div>\n<\/div><\/div>\n\n\n\n<div style=\"height:50px\" aria-hidden=\"true\" class=\"wp-block-spacer\"><\/div>\n<\/div><\/div>\n\n\n\n<div class=\"wp-block-cover is-light\"><span aria-hidden=\"true\" class=\"wp-block-cover__background has-white-background-color has-background-dim-100 has-background-dim\"><\/span><div class=\"wp-block-cover__inner-container is-layout-constrained wp-block-cover-is-layout-constrained\"><div class=\"wp-block-image\">\n<figure class=\"aligncenter size-large\"><a href=\"https:\/\/chat.whatsapp.com\/GfqNisqkwVIEI3GIHPDE2W\" target=\"_blank\" rel=\" noreferrer noopener\"><img loading=\"lazy\" decoding=\"async\" width=\"576\" height=\"1024\" src=\"https:\/\/radiostereoperla.com\/radio\/wp-content\/uploads\/Anunciese-en-RSP-1024x1920px-576x1024.jpg\" alt=\"\" class=\"wp-image-767\" srcset=\"https:\/\/radiostereoperla.com\/radio\/wp-content\/uploads\/Anunciese-en-RSP-1024x1920px-576x1024.jpg 576w, https:\/\/radiostereoperla.com\/radio\/wp-content\/uploads\/Anunciese-en-RSP-1024x1920px-169x300.jpg 169w, https:\/\/radiostereoperla.com\/radio\/wp-content\/uploads\/Anunciese-en-RSP-1024x1920px-768x1365.jpg 768w, https:\/\/radiostereoperla.com\/radio\/wp-content\/uploads\/Anunciese-en-RSP-1024x1920px-864x1536.jpg 864w, https:\/\/radiostereoperla.com\/radio\/wp-content\/uploads\/Anunciese-en-RSP-1024x1920px.jpg 1080w\" sizes=\"auto, (max-width: 576px) 100vw, 576px\" \/><\/a><\/figure>\n<\/div><\/div><\/div>\n\n\n\n\n\n<div style=\"height:50px\" aria-hidden=\"true\" class=\"wp-block-spacer\"><\/div>\n","protected":false},"excerpt":{"rendered":"<div class=\"mh-excerpt\"><p>Somos Radio Stereo Perla: \u00a1La Favorita de tus O\u00eddos!<\/p>\n<p>M\u00fasica para todos adonde quiera que est\u00e9s<\/p>\n<\/div>","protected":false},"author":2,"featured_media":753,"parent":0,"menu_order":5,"comment_status":"closed","ping_status":"closed","template":"","meta":{"footnotes":""},"class_list":["post-16","page","type-page","status-publish","has-post-thumbnail","hentry"],"_links":{"self":[{"href":"https:\/\/radiostereoperla.com\/radio\/wp-json\/wp\/v2\/pages\/16","targetHints":{"allow":["GET"]}}],"collection":[{"href":"https:\/\/radiostereoperla.com\/radio\/wp-json\/wp\/v2\/pages"}],"about":[{"href":"https:\/\/radiostereoperla.com\/radio\/wp-json\/wp\/v2\/types\/page"}],"author":[{"embeddable":true,"href":"https:\/\/radiostereoperla.com\/radio\/wp-json\/wp\/v2\/users\/2"}],"replies":[{"embeddable":true,"href":"https:\/\/radiostereoperla.com\/radio\/wp-json\/wp\/v2\/comments?post=16"}],"version-history":[{"count":276,"href":"https:\/\/radiostereoperla.com\/radio\/wp-json\/wp\/v2\/pages\/16\/revisions"}],"predecessor-version":[{"id":845,"href":"https:\/\/radiostereoperla.com\/radio\/wp-json\/wp\/v2\/pages\/16\/revisions\/845"}],"wp:featuredmedia":[{"embeddable":true,"href":"https:\/\/radiostereoperla.com\/radio\/wp-json\/wp\/v2\/media\/753"}],"wp:attachment":[{"href":"https:\/\/radiostereoperla.com\/radio\/wp-json\/wp\/v2\/media?parent=16"}],"curies":[{"name":"wp","href":"https:\/\/api.w.org\/{rel}","templated":true}]}}